{"id":10,"date":"2025-09-18T21:11:47","date_gmt":"2025-09-18T21:11:47","guid":{"rendered":"https:\/\/www.kaikumetsa.fi\/?page_id=10"},"modified":"2025-10-17T13:26:04","modified_gmt":"2025-10-17T13:26:04","slug":"katariinan-kaikumetsa","status":"publish","type":"page","link":"https:\/\/www.kaikumetsa.fi\/","title":{"rendered":"Katariinan Kaikumets\u00e4"},"content":{"rendered":"\n<blockquote class=\"wp-block-quote is-layout-flow wp-block-quote-is-layout-flow\">\n<p><em>Mets\u00e4 vastaa<br>meren kohinaan<br>Yhdess\u00e4 ne kuiskuttelevat<br>salaisuuksia toisilleen<br>Niin julkisia,<br>ett\u00e4 kaikki ne kuulevat<br>Niin yksityisi\u00e4,<br>ett\u00e4 vain yhdet ymm\u00e4rt\u00e4v\u00e4t<\/em><br><br>Tervetuloa kotisivuilleni Katariinan Kaikumets\u00e4\u00e4n!<br><br>Olen <strong>Anna Karjula<\/strong>, raahelainen kirjailija ja luokanopettaja. Kirjoituksissani n\u00e4kyv\u00e4t el\u00e4m\u00e4n syv\u00e4t s\u00e4vyt raikkaasti ilmaistuna ja ilolla h\u00f6ystettyn\u00e4. Haluan kulkea lukijoitani l\u00e4hell\u00e4. Siisp\u00e4 ota rohkeasti yhteytt\u00e4, jos haluat antaa palautetta tai muuten keskustella kirjojen teemoista: katariinankaikumetsa(at)gmail.com<br><br><em>Min\u00e4 kuiskaan, sin\u00e4 kuulet<br>Sin\u00e4 vastaat, min\u00e4 kuulen<\/em><br><br><br><\/p>\n<\/blockquote>\n\n\n\n<figure class=\"wp-block-image size-large\"><img loading=\"lazy\" decoding=\"async\" width=\"1024\" height=\"768\" src=\"https:\/\/www.kaikumetsa.fi\/wp-content\/uploads\/2025\/09\/anna-karjula-1024x768.jpg\" alt=\"\" class=\"wp-image-11\" srcset=\"https:\/\/www.kaikumetsa.fi\/wp-content\/uploads\/2025\/09\/anna-karjula-1024x768.jpg 1024w, https:\/\/www.kaikumetsa.fi\/wp-content\/uploads\/2025\/09\/anna-karjula-300x225.jpg 300w, https:\/\/www.kaikumetsa.fi\/wp-content\/uploads\/2025\/09\/anna-karjula-768x576.jpg 768w, https:\/\/www.kaikumetsa.fi\/wp-content\/uploads\/2025\/09\/anna-karjula-1536x1152.jpg 1536w, https:\/\/www.kaikumetsa.fi\/wp-content\/uploads\/2025\/09\/anna-karjula-2048x1536.jpg 2048w\" sizes=\"auto, (max-width: 1024px) 100vw, 1024px\" \/><\/figure>\n\n\n\n<hr class=\"wp-block-separator has-alpha-channel-opacity\"\/>\n\n\n\n<p><br><\/p>\n\n\n\n<h2 class=\"wp-block-heading\">Kympin todistus<\/h2>\n\n\n\n<p><br>Kympin todistuksen idea syntyi osana runokokoelmaani kev\u00e4\u00e4ll\u00e4 2013. Toimin tuolloin luokanopettajana. Pienten oppilaiden uutteruus ja kova ponnistelu hyvien numeroiden eteen liikutti minut kyyneliin. Varsinkin silloin, kun suuretkaan yritykset eiv\u00e4t ylt\u00e4neet haluttuihin tuloksiin, tunsin suurta my\u00f6t\u00e4tuntoa. Mietin, mitk\u00e4 voisivat olla sellaisia asioita, joita ei mitata periteisill\u00e4 kouluarvosanoilla, mutta joista voisi jokaiselle antaa t\u00e4yden kympin. <strong><a href=\"https:\/\/www.unicef.fi\/koulut\/kympin-todistus\/\" data-type=\"link\" data-id=\"https:\/\/www.unicef.fi\/koulut\/kympin-todistus\/\">Unicef<\/a> <\/strong>kiinnostui ajatuksestani ja laati sen ja lapsenoikeuksien pohjalta suositun <strong><a href=\"https:\/\/www.unicef.fi\/koulut\/kympin-todistus\/\" data-type=\"link\" data-id=\"https:\/\/www.unicef.fi\/koulut\/kympin-todistus\/\">Kympin todistuksen<\/a><\/strong>, joka on vakiinnuttanut asemansa kev\u00e4isin jo tuhansissa kouluissa.<\/p>\n\n\n\n<p><br>Todistuksen alkuper\u00e4isen version l\u00f6yd\u00e4t tulevasta Kaikumets\u00e4n Kuulumiset -runokirjasta.<\/p>\n\n\n\n<hr class=\"wp-block-separator has-alpha-channel-opacity\"\/>\n\n\n\n<p><\/p>\n\n\n\n<h2 class=\"wp-block-heading\">Melko tavallinen Ruut<\/h2>\n\n\n\n<figure class=\"wp-block-image size-medium\"><img loading=\"lazy\" decoding=\"async\" width=\"202\" height=\"300\" src=\"https:\/\/www.kaikumetsa.fi\/wp-content\/uploads\/2025\/10\/melko-tavallinen-ruut-202x300.jpg\" alt=\"Melko tavallinen Ruut\" class=\"wp-image-44\" srcset=\"https:\/\/www.kaikumetsa.fi\/wp-content\/uploads\/2025\/10\/melko-tavallinen-ruut-202x300.jpg 202w, https:\/\/www.kaikumetsa.fi\/wp-content\/uploads\/2025\/10\/melko-tavallinen-ruut-688x1024.jpg 688w, https:\/\/www.kaikumetsa.fi\/wp-content\/uploads\/2025\/10\/melko-tavallinen-ruut.jpg 737w\" sizes=\"auto, (max-width: 202px) 100vw, 202px\" \/><\/figure>\n\n\n\n<p>Sain toisen palkinnon Suomen Rauhanyhdistysten Keskusyhdistyksen j\u00e4rjest\u00e4m\u00e4ss\u00e4 romaanikilpailussa vuonna 2023 k\u00e4sikirjoituksellani Melko tavallinen Ruut. Kirjan peilihahmona toimii Raamatun moabilainen Ruut. Kirjan takakansitekstiss\u00e4 todetaan:<\/p>\n\n\n\n<p><br>\u201dEniten juuri nyt kuitenkin huomasin kaipaavani yst\u00e4v\u00e4\u00e4, joka voisi siunata kaikki murheet anteeksi. Oliko jossain joku, jolla oli sama Jumala kuin minulla ja jota voisin seurata? Nuoren Ruutin arki ja polku toisten yhteyteen vaatii toisinaan vaikeiden juurakoiden ylitt\u00e4mist\u00e4. Ensimm\u00e4inen opiskeluvuosi uudella paikkakunnalla tuo herkk\u00e4\u00e4n mieleen paljon pohdittavaa. Suurtenkin tunnemyll\u00e4k\u00f6iden keskell\u00e4 parvessa on parempi lent\u00e4\u00e4. Vahvat k\u00e4sivarret kannattelevat ja kuljettavat kirkkaampia p\u00e4ivi\u00e4 kohti.\u201d<\/p>\n\n\n\n<p><br>Kirjaa voi tilata 22.10.2025 alkaen osoitteesta <a href=\"http:\/\/www.julkaisumyymala.fi\" data-type=\"link\" data-id=\"www.julkaisumyymala.fi\">www.julkaisumyymala.fi<\/a><br><br><\/p>\n\n\n\n<hr class=\"wp-block-separator has-alpha-channel-opacity\"\/>\n\n\n\n<p><\/p>\n\n\n\n<h2 class=\"wp-block-heading\">Kaikumets\u00e4n lauluhetket<\/h2>\n\n\n\n<p>Kev\u00e4\u00e4st\u00e4 2021 asti olen toteuttanut lauluhetki\u00e4 raahelaisissa hoivakodeissa. Laulatan vanhuksille yhteislauluna vanhoja koulu- ja kansanlauluja. Tutut s\u00e4velm\u00e4t nostavat pintaan muistoja, joita on ilo jakaa yhdess\u00e4 toisten kanssa. Laulaminen elvytt\u00e4\u00e4 ja virkist\u00e4\u00e4 niin, ett\u00e4 tunnelma pysyy pitk\u00e4\u00e4n plussan puolella viel\u00e4 tuokion j\u00e4lkeenkin.<\/p>\n\n\n\n<hr class=\"wp-block-separator has-alpha-channel-opacity\"\/>\n\n\n\n<p><br><\/p>\n\n\n\n<h2 class=\"wp-block-heading\">Kaikumets\u00e4n Kuulumiset<\/h2>\n\n\n\n<p>Arjen juhlistamisen ja el\u00e4m\u00e4n rakastamisen koko kirjo n\u00e4kyy proosarunoissani. Ne ovat kuin sanomia Kaikumets\u00e4st\u00e4, jossa kaikki on sittenkin hyvin. Kirja on suunnattu kaikille selkeytt\u00e4 ja iloa ajatteluun kaipaaville aikuisille, jotka v\u00e4litt\u00e4v\u00e4t itsest\u00e4\u00e4n ja toisistaan. Mukana Meid\u00e4n koulun P\u00e4\u00e4tt\u00f6todistus, joka on Unicefin lanseeraaman Kympin todistuksen idean alku.<br><br><em>El\u00e4m\u00e4mme pulpetissa<br>istumme jokainen yksin<br>odottaen, ett\u00e4 joku n\u00e4kisi<br>pyyt\u00e4isi leikkiin mukaan<br>Me katsomme toisiamme<br>silm\u00e4t suurina<br>huomiota anoen<br>kokemusta tulla kosketetuksi<br>kuulluksi<br>n\u00e4hdyksi<br>todistetuksi<br>tuetuksi<br>vahvistetuksi<br>rohkaistuksi<\/em><\/p>\n\n\n\n<p><em>rakastetuksi<\/em><br><br><strong>Runokirja julkaistaan kev\u00e4\u00e4ll\u00e4 2026<\/strong>. Sen voi tilata ennakkoon alapuolelta l\u00f6ytyv\u00e4ll\u00e4 lomakkeella. <strong>Runokirjan hinta on 25 euroa<\/strong>. Hinta sis\u00e4lt\u00e4\u00e4 toimituksen kotiin ja se maksetaan runokirjan yhteydess\u00e4 toimitettavalla laskulla.<\/p>\n\n\n\n<figure class=\"wp-block-image size-large\"><img loading=\"lazy\" decoding=\"async\" width=\"683\" height=\"1024\" src=\"https:\/\/www.kaikumetsa.fi\/wp-content\/uploads\/2025\/09\/kaikumetsan-kuulumiset-runokirja-683x1024.jpeg\" alt=\"\" class=\"wp-image-12\" srcset=\"https:\/\/www.kaikumetsa.fi\/wp-content\/uploads\/2025\/09\/kaikumetsan-kuulumiset-runokirja-683x1024.jpeg 683w, https:\/\/www.kaikumetsa.fi\/wp-content\/uploads\/2025\/09\/kaikumetsan-kuulumiset-runokirja-200x300.jpeg 200w, https:\/\/www.kaikumetsa.fi\/wp-content\/uploads\/2025\/09\/kaikumetsan-kuulumiset-runokirja-768x1152.jpeg 768w, https:\/\/www.kaikumetsa.fi\/wp-content\/uploads\/2025\/09\/kaikumetsan-kuulumiset-runokirja.jpeg 1024w\" sizes=\"auto, (max-width: 683px) 100vw, 683px\" \/><\/figure>\n\n\n<style id=\"wpforms-css-vars-18-block-543650c8-2fb3-4368-9eec-046771ef4286\">\n\t\t\t\t#wpforms-18.wpforms-block-543650c8-2fb3-4368-9eec-046771ef4286 {\n\t\t\t\t--wpforms-field-size-input-height: 43px;\n--wpforms-field-size-input-spacing: 15px;\n--wpforms-field-size-font-size: 16px;\n--wpforms-field-size-line-height: 19px;\n--wpforms-field-size-padding-h: 14px;\n--wpforms-field-size-checkbox-size: 16px;\n--wpforms-field-size-sublabel-spacing: 5px;\n--wpforms-field-size-icon-size: 1;\n--wpforms-label-size-font-size: 16px;\n--wpforms-label-size-line-height: 19px;\n--wpforms-label-size-sublabel-font-size: 14px;\n--wpforms-label-size-sublabel-line-height: 17px;\n--wpforms-button-size-font-size: 17px;\n--wpforms-button-size-height: 41px;\n--wpforms-button-size-padding-h: 15px;\n--wpforms-button-size-margin-top: 10px;\n\t\t\t}\n\t\t\t<\/style><div class=\"wpforms-container wpforms-container-full wpforms-block wpforms-block-543650c8-2fb3-4368-9eec-046771ef4286 wpforms-render-modern\" id=\"wpforms-18\"><form id=\"wpforms-form-18\" class=\"wpforms-validate wpforms-form wpforms-ajax-form\" data-formid=\"18\" method=\"post\" enctype=\"multipart\/form-data\" action=\"\/index.php\/wp-json\/wp\/v2\/pages\/10\" data-token=\"900e43748e91537e892a230f82bd6285\" data-token-time=\"1778081552\"><noscript class=\"wpforms-error-noscript\">Please enable JavaScript in your browser to complete this form.<\/noscript><div id=\"wpforms-error-noscript\" style=\"display: none;\">Please enable JavaScript in your browser to complete this form.<\/div><div class=\"wpforms-field-container\"><div id=\"wpforms-18-field_1-container\" class=\"wpforms-field wpforms-field-name\" data-field-id=\"1\"><label class=\"wpforms-field-label\" for=\"wpforms-18-field_1\">Ennakkotilaajan nimi <span class=\"wpforms-required-label\" aria-hidden=\"true\">*<\/span><\/label><input type=\"text\" id=\"wpforms-18-field_1\" class=\"wpforms-field-medium wpforms-field-required\" name=\"wpforms[fields][1]\" aria-errormessage=\"wpforms-18-field_1-error\" required><\/div><div id=\"wpforms-18-field_2-container\" class=\"wpforms-field wpforms-field-email\" data-field-id=\"2\"><label class=\"wpforms-field-label\" for=\"wpforms-18-field_2\">S\u00e4hk\u00f6posti <span class=\"wpforms-required-label\" aria-hidden=\"true\">*<\/span><\/label><input type=\"email\" id=\"wpforms-18-field_2\" class=\"wpforms-field-medium wpforms-field-required\" name=\"wpforms[fields][2]\" spellcheck=\"false\" aria-errormessage=\"wpforms-18-field_2-error\" required><\/div><div id=\"wpforms-18-field_5-container\" class=\"wpforms-field wpforms-field-text\" data-field-id=\"5\"><label class=\"wpforms-field-label\" for=\"wpforms-18-field_5\">Toimitusosoite <span class=\"wpforms-required-label\" aria-hidden=\"true\">*<\/span><\/label><input type=\"text\" id=\"wpforms-18-field_5\" class=\"wpforms-field-medium wpforms-field-required\" name=\"wpforms[fields][5]\" aria-errormessage=\"wpforms-18-field_5-error\" required><\/div>\t\t<div id=\"wpforms-18-field_4-container\"\n\t\t\tclass=\"wpforms-field wpforms-field-text\"\n\t\t\tdata-field-type=\"text\"\n\t\t\tdata-field-id=\"4\"\n\t\t\t>\n\t\t\t<label class=\"wpforms-field-label\" for=\"wpforms-18-field_4\" >terveisi\u00e4 S\u00e4hk\u00f6posti tai<\/label>\n\t\t\t<input type=\"text\" id=\"wpforms-18-field_4\" class=\"wpforms-field-medium\" name=\"wpforms[fields][4]\" >\n\t\t<\/div>\n\t\t<div id=\"wpforms-18-field_3-container\" class=\"wpforms-field wpforms-field-textarea\" data-field-id=\"3\"><label class=\"wpforms-field-label\" for=\"wpforms-18-field_3\">Lis\u00e4tietoa tai terveisi\u00e4 <\/label><textarea id=\"wpforms-18-field_3\" class=\"wpforms-field-medium\" name=\"wpforms[fields][3]\" aria-errormessage=\"wpforms-18-field_3-error\" ><\/textarea><\/div><script>\n\t\t\t\t( function() {\n\t\t\t\t\tconst style = document.createElement( 'style' );\n\t\t\t\t\tstyle.appendChild( document.createTextNode( '#wpforms-18-field_4-container { position: absolute !important; overflow: hidden !important; display: inline !important; height: 1px !important; width: 1px !important; z-index: -1000 !important; padding: 0 !important; } #wpforms-18-field_4-container input { visibility: hidden; } #wpforms-conversational-form-page #wpforms-18-field_4-container label { counter-increment: none; }' ) );\n\t\t\t\t\tdocument.head.appendChild( style );\n\t\t\t\t\tdocument.currentScript?.remove();\n\t\t\t\t} )();\n\t\t\t<\/script><\/div><!-- .wpforms-field-container --><div class=\"wpforms-submit-container\" ><input type=\"hidden\" name=\"wpforms[id]\" value=\"18\"><input type=\"hidden\" name=\"page_title\" value=\"\"><input type=\"hidden\" name=\"page_url\" value=\"https:\/\/www.kaikumetsa.fi\/index.php\/wp-json\/wp\/v2\/pages\/10\"><input type=\"hidden\" name=\"url_referer\" value=\"\"><button type=\"submit\" name=\"wpforms[submit]\" id=\"wpforms-submit-18\" class=\"wpforms-submit\" data-alt-text=\"L\u00e4hetet\u00e4\u00e4n...\" data-submit-text=\"L\u00e4het\u00e4\" aria-live=\"assertive\" value=\"wpforms-submit\">L\u00e4het\u00e4<\/button><img loading=\"lazy\" decoding=\"async\" src=\"https:\/\/www.kaikumetsa.fi\/wp-content\/plugins\/wpforms-lite\/assets\/images\/submit-spin.svg\" class=\"wpforms-submit-spinner\" style=\"display: none;\" width=\"26\" height=\"26\" alt=\"Loading\"><\/div><\/form><\/div>  <!-- .wpforms-container -->","protected":false},"excerpt":{"rendered":"<p>Mets\u00e4 vastaameren kohinaanYhdess\u00e4 ne kuiskuttelevatsalaisuuksia toisilleenNiin julkisia,ett\u00e4 kaikki ne kuulevatNiin yksityisi\u00e4,ett\u00e4 vain yhdet ymm\u00e4rt\u00e4v\u00e4t Tervetuloa kotisivuilleni Katariinan Kaikumets\u00e4\u00e4n! Olen Anna Karjula, raahelainen kirjailija ja luokanopettaja. Kirjoituksissani n\u00e4kyv\u00e4t el\u00e4m\u00e4n syv\u00e4t s\u00e4vyt raikkaasti ilmaistuna ja ilolla h\u00f6ystettyn\u00e4. Haluan kulkea lukijoitani l\u00e4hell\u00e4. Siisp\u00e4 ota rohkeasti yhteytt\u00e4, jos haluat antaa palautetta tai muuten keskustella kirjojen teemoista: katariinankaikumetsa(at)gmail.com Min\u00e4 kuiskaan, [&hellip;]<\/p>\n","protected":false},"author":1,"featured_media":0,"parent":0,"menu_order":0,"comment_status":"closed","ping_status":"closed","template":"","meta":{"footnotes":""},"class_list":["post-10","page","type-page","status-publish","hentry"],"_links":{"self":[{"href":"https:\/\/www.kaikumetsa.fi\/index.php\/wp-json\/wp\/v2\/pages\/10","targetHints":{"allow":["GET"]}}],"collection":[{"href":"https:\/\/www.kaikumetsa.fi\/index.php\/wp-json\/wp\/v2\/pages"}],"about":[{"href":"https:\/\/www.kaikumetsa.fi\/index.php\/wp-json\/wp\/v2\/types\/page"}],"author":[{"embeddable":true,"href":"https:\/\/www.kaikumetsa.fi\/index.php\/wp-json\/wp\/v2\/users\/1"}],"replies":[{"embeddable":true,"href":"https:\/\/www.kaikumetsa.fi\/index.php\/wp-json\/wp\/v2\/comments?post=10"}],"version-history":[{"count":14,"href":"https:\/\/www.kaikumetsa.fi\/index.php\/wp-json\/wp\/v2\/pages\/10\/revisions"}],"predecessor-version":[{"id":46,"href":"https:\/\/www.kaikumetsa.fi\/index.php\/wp-json\/wp\/v2\/pages\/10\/revisions\/46"}],"wp:attachment":[{"href":"https:\/\/www.kaikumetsa.fi\/index.php\/wp-json\/wp\/v2\/media?parent=10"}],"curies":[{"name":"wp","href":"https:\/\/api.w.org\/{rel}","templated":true}]}}